{"id":414,"date":"2025-06-23T17:58:53","date_gmt":"2025-06-23T20:58:53","guid":{"rendered":"http:\/\/sanada-lab.local\/?page_id=414"},"modified":"2025-09-10T09:18:43","modified_gmt":"2025-09-10T12:18:43","slug":"casos-de-uso","status":"publish","type":"page","link":"https:\/\/sanadalabs.com\/en\/casos-de-uso\/","title":{"rendered":"Use Cases"},"content":{"rendered":"<div data-elementor-type=\"wp-page\" data-elementor-id=\"414\" class=\"elementor elementor-414\" data-elementor-post-type=\"page\">\n\t\t\t\t<div class=\"elementor-element elementor-element-fa1c45d e-con-full e-flex e-con e-parent\" data-id=\"fa1c45d\" data-element_type=\"container\" data-e-type=\"container\" data-settings=\"{&quot;background_background&quot;:&quot;classic&quot;}\">\n\t\t<div class=\"elementor-element elementor-element-044bcfc e-con-full e-flex e-con e-child\" data-id=\"044bcfc\" data-element_type=\"container\" data-e-type=\"container\">\n\t\t\t\t<div class=\"elementor-element elementor-element-822d89f elementor-hidden-mobile elementor-widget elementor-widget-heading\" data-id=\"822d89f\" data-element_type=\"widget\" data-e-type=\"widget\" data-widget_type=\"heading.default\">\n\t\t\t\t<div class=\"elementor-widget-container\">\n\t\t\t\t\t<h2 class=\"elementor-heading-title elementor-size-default\">cases to<\/h2>\t\t\t\t<\/div>\n\t\t\t\t<\/div>\n\t\t\t\t<div class=\"elementor-element elementor-element-1ae2bcc elementor-hidden-desktop elementor-hidden-tablet elementor-widget elementor-widget-heading\" data-id=\"1ae2bcc\" data-element_type=\"widget\" data-e-type=\"widget\" data-widget_type=\"heading.default\">\n\t\t\t\t<div class=\"elementor-widget-container\">\n\t\t\t\t\t<h2 class=\"elementor-heading-title elementor-size-default\">use cases <br>que podem<\/h2>\t\t\t\t<\/div>\n\t\t\t\t<\/div>\n\t\t\t\t<div class=\"elementor-element elementor-element-62228fc elementor-widget elementor-widget-heading\" data-id=\"62228fc\" data-element_type=\"widget\" data-e-type=\"widget\" data-widget_type=\"heading.default\">\n\t\t\t\t<div class=\"elementor-widget-container\">\n\t\t\t\t\t<h2 class=\"elementor-heading-title elementor-size-default\">transform your business<\/h2>\t\t\t\t<\/div>\n\t\t\t\t<\/div>\n\t\t\t\t<div class=\"elementor-element elementor-element-7fb9a13 elementor-widget elementor-widget-text-editor\" data-id=\"7fb9a13\" data-element_type=\"widget\" data-e-type=\"widget\" data-widget_type=\"text-editor.default\">\n\t\t\t\t<div class=\"elementor-widget-container\">\n\t\t\t\t\t\t\t\t\t<p>Every project we deliver comes with a measurable impact: <strong>more agility, less cost, better decisions.<\/strong> We've already applied AI to purchasing, sales, maintenance, customer service, and human resources and in every case, the results speak for themselves.<\/p>\t\t\t\t\t\t\t\t<\/div>\n\t\t\t\t<\/div>\n\t\t\t\t<\/div>\n\t\t\t\t<div class=\"elementor-element elementor-element-f03978f elementor-absolute elementor-widget elementor-widget-image\" data-id=\"f03978f\" data-element_type=\"widget\" data-e-type=\"widget\" data-settings=\"{&quot;_position&quot;:&quot;absolute&quot;}\" data-widget_type=\"image.default\">\n\t\t\t\t<div class=\"elementor-widget-container\">\n\t\t\t\t\t\t\t\t\t\t\t\t\t\t\t\t<a href=\"#casosdeuso\">\n\t\t\t\t\t\t\t<img decoding=\"async\" width=\"63\" height=\"63\" src=\"https:\/\/sanadalabs.com\/wp-content\/uploads\/2025\/06\/Seta.svg\" class=\"attachment-large size-large wp-image-404\" alt=\"\" \/>\t\t\t\t\t\t\t\t<\/a>\n\t\t\t\t\t\t\t\t\t\t\t\t\t\t\t<\/div>\n\t\t\t\t<\/div>\n\t\t\t\t<\/div>\n\t\t<div class=\"elementor-element elementor-element-7bf5756 e-con-full e-flex e-con e-parent\" data-id=\"7bf5756\" data-element_type=\"container\" data-e-type=\"container\" data-settings=\"{&quot;background_background&quot;:&quot;classic&quot;}\">\n\t\t<div class=\"elementor-element elementor-element-ed2effe e-con-full e-flex e-con e-child\" data-id=\"ed2effe\" data-element_type=\"container\" data-e-type=\"container\">\n\t\t\t\t<div class=\"elementor-element elementor-element-4652bde elementor-widget elementor-widget-menu-anchor\" data-id=\"4652bde\" data-element_type=\"widget\" data-e-type=\"widget\" data-widget_type=\"menu-anchor.default\">\n\t\t\t\t<div class=\"elementor-widget-container\">\n\t\t\t\t\t\t\t<div class=\"elementor-menu-anchor\" id=\"casosdeuso\"><\/div>\n\t\t\t\t\t\t<\/div>\n\t\t\t\t<\/div>\n\t\t\t\t<div class=\"elementor-element elementor-element-8c4671d elementor-widget elementor-widget-heading\" data-id=\"8c4671d\" data-element_type=\"widget\" data-e-type=\"widget\" data-widget_type=\"heading.default\">\n\t\t\t\t<div class=\"elementor-widget-container\">\n\t\t\t\t\t<h2 class=\"elementor-heading-title elementor-size-default\">From idea to life<\/h2>\t\t\t\t<\/div>\n\t\t\t\t<\/div>\n\t\t\t\t<div class=\"elementor-element elementor-element-e2cf536 elementor-widget elementor-widget-text-editor\" data-id=\"e2cf536\" data-element_type=\"widget\" data-e-type=\"widget\" data-widget_type=\"text-editor.default\">\n\t\t\t\t<div class=\"elementor-widget-container\">\n\t\t\t\t\t\t\t\t\t<p>Turning challenges into solutions with validated use cases.<\/p>\t\t\t\t\t\t\t\t<\/div>\n\t\t\t\t<\/div>\n\t\t\t\t<\/div>\n\t\t\t\t<\/div>\n\t\t<div class=\"elementor-element elementor-element-baa4a9a e-con-full e-flex e-con e-parent\" data-id=\"baa4a9a\" data-element_type=\"container\" data-e-type=\"container\" data-settings=\"{&quot;background_background&quot;:&quot;classic&quot;}\">\n\t\t\t\t<div class=\"elementor-element elementor-element-6575bf7 elementor-widget elementor-widget-html\" data-id=\"6575bf7\" data-element_type=\"widget\" data-e-type=\"widget\" data-widget_type=\"html.default\">\n\t\t\t\t<div class=\"elementor-widget-container\">\n\t\t\t\t\t<!DOCTYPE html>\r\n<html lang=\"pt-br\">\r\n<head>\r\n  <meta charset=\"UTF-8\">\r\n  <title>Transi\u00e7\u00e3o Teste<\/title>\r\n  <style>\r\n    .box {\r\n        height: 200px;\r\n        background-position: center center;\r\n        background-repeat: no-repeat;\r\n        background-size: cover;\r\n        transition: all 1s;\r\n        display: flex;\r\n        align-items: self-end;\r\n        cursor: pointer;\r\n        \r\n    }\r\n    \r\n    h2 {\r\n        font-family: \"Montserrat\", Sans-serif;\r\n        font-size: 48px;\r\n        font-weight: 700;\r\n        color: #FFFFFF;\r\n        margin: 0px;\r\n        font-style: italic;\r\n        letter-spacing: -0.8px;\r\n    }\r\n    \r\n    .box:hover {\r\n      height: 300px;\r\n    }\r\n    \r\n    .cdu-conteudo{\r\n        display: flex;\r\n        flex-direction: column;\r\n        padding-left: 40px;\r\n        padding-bottom: 20px;\r\n    }\r\n    \r\n    .box1{\r\n        background-image: url('https:\/\/sanada.com.br\/wp-content\/uploads\/2025\/06\/Home-Compras-scaled.webp');\r\n    }\r\n    \r\n    .box2{\r\n        background-image: url('https:\/\/sanada.com.br\/wp-content\/uploads\/2025\/06\/Home-Manutencao-scaled.webp');\r\n        background-position: center bottom;\r\n    }\r\n    \r\n    .box3{\r\n        background-image: url('https:\/\/sanada.com.br\/wp-content\/uploads\/2025\/06\/Home-Vendas.webp');\r\n    }\r\n    \r\n    .box4{\r\n        background-image: url('https:\/\/sanada.com.br\/wp-content\/uploads\/2025\/06\/Home-Atendimento-scaled.webp');\r\n    }\r\n    \r\n    .box5{\r\n        background-image: url('https:\/\/sanada.com.br\/wp-content\/uploads\/2025\/06\/Home-RH-scaled.webp');\r\n    }\r\n    \r\n    .casosDeUso{\r\n        display: flex;\r\n        flex-direction: column;\r\n        gap: 10px;\r\n    }\r\n    \r\n    @media (max-width: 792px) {\r\n        h2 {\r\n            font-size: 24px;\r\n        }\r\n        \r\n        img{\r\n            width: 80px\r\n        }\r\n        \r\n        .cdu-conteudo {\r\n            padding-left: 20px;\r\n        }\r\n        \r\n        .box{\r\n            border-radius: 20px 20px 20px 20px;\r\n        }\r\n    }\r\n\r\n  <\/style>\r\n<\/head>\r\n<body>\r\n    <div class=\"casosDeUso\">\r\n        <a href=\"https:\/\/sanada.com.br\/casos-de-uso\/compras\/\">\r\n            <div class=\"box1 box\">\r\n            <div class=\"cdu-conteudo\">\r\n                <img loading=\"lazy\" decoding=\"async\" width=\"110px\" height=\"35\" src=\"https:\/\/sanada.com.br\/wp-content\/uploads\/2025\/06\/Subtract.svg\" class=\"attachment-large size-large wp-image-110\" alt=\"\">\r\n                <h2>Procurement<\/h2>\r\n            <\/div>\r\n        <\/div>\r\n        <\/a>\r\n        \r\n        <a href=\"https:\/\/sanada.com.br\/casos-de-uso\/manutencao\/\">\r\n            <div class=\"box2 box\">\r\n            <div class=\"cdu-conteudo\">\r\n                <img loading=\"lazy\" decoding=\"async\" width=\"110px\" height=\"35\" src=\"https:\/\/sanada.com.br\/wp-content\/uploads\/2025\/06\/Subtract-1.svg\" alt=\"\">\r\n                <h2>Maintenance<\/h2>\r\n            <\/div>\r\n        <\/div>\r\n        <\/a>\r\n        \r\n        <a href=\"https:\/\/sanada.com.br\/casos-de-uso\/vendas\/\">\r\n            <div class=\"box3 box\">\r\n            <div class=\"cdu-conteudo\">\r\n                <img loading=\"lazy\" decoding=\"async\" width=\"110px\" height=\"35\" src=\"https:\/\/sanada.com.br\/wp-content\/uploads\/2025\/06\/Subtract-2.svg\" alt=\"\">\r\n                <h2>Sales<\/h2>\r\n            <\/div>\r\n        <\/div>\r\n        <\/a>\r\n        \r\n        <a href=\"https:\/\/sanada.com.br\/casos-de-uso\/atendimento-ao-cliente\/\">\r\n            <div class=\"box4 box\">\r\n            <div class=\"cdu-conteudo\">\r\n                <img loading=\"lazy\" decoding=\"async\" width=\"110px\" height=\"35\" src=\"https:\/\/sanada.com.br\/wp-content\/uploads\/2025\/06\/Subtract-3.svg\" alt=\"\">\r\n                <h2>Customer Services<\/h2>\r\n            <\/div>\r\n        <\/div>\r\n        <\/a>\r\n        \r\n        <a href=\"https:\/\/sanada.com.br\/casos-de-uso\/recursos-humanos\/\">\r\n            <div class=\"box5 box\">\r\n            <div class=\"cdu-conteudo\">\r\n                <img loading=\"lazy\" decoding=\"async\" width=\"110px\" height=\"35\" src=\"https:\/\/sanada.com.br\/wp-content\/uploads\/2025\/06\/Subtract-4.svg\" alt=\"\">\r\n                <h2>Human Resources<\/h2>\r\n            <\/div>\r\n        <\/div>\r\n        <\/a>\r\n    <\/div>\r\n  \r\n<\/body>\r\n<\/html>\r\n\t\t\t\t<\/div>\n\t\t\t\t<\/div>\n\t\t\t\t<\/div>\n\t\t\t\t<\/div>","protected":false},"excerpt":{"rendered":"<p>casos de uso que podem casos de uso que podem transformar o seu neg\u00f3cio Cada projeto que entregamos vem com impacto mensur\u00e1vel: mais agilidade, menos custo, decis\u00f5es melhores. J\u00e1 aplicamos IA em compras, vendas, manuten\u00e7\u00e3o,atendimento ao cliente e recursos humanos \u2014 e em todos os casos, os resultados falam por si. Do prot\u00f3tipo \u00e0 pr\u00e1tica [&hellip;]<\/p>\n","protected":false},"author":1,"featured_media":0,"parent":0,"menu_order":0,"comment_status":"closed","ping_status":"closed","template":"elementor_header_footer","meta":{"footnotes":""},"class_list":["post-414","page","type-page","status-publish","hentry"],"_hostinger_reach_plugin_has_subscription_block":false,"_hostinger_reach_plugin_is_elementor":false,"_links":{"self":[{"href":"https:\/\/sanadalabs.com\/en\/wp-json\/wp\/v2\/pages\/414","targetHints":{"allow":["GET"]}}],"collection":[{"href":"https:\/\/sanadalabs.com\/en\/wp-json\/wp\/v2\/pages"}],"about":[{"href":"https:\/\/sanadalabs.com\/en\/wp-json\/wp\/v2\/types\/page"}],"author":[{"embeddable":true,"href":"https:\/\/sanadalabs.com\/en\/wp-json\/wp\/v2\/users\/1"}],"replies":[{"embeddable":true,"href":"https:\/\/sanadalabs.com\/en\/wp-json\/wp\/v2\/comments?post=414"}],"version-history":[{"count":0,"href":"https:\/\/sanadalabs.com\/en\/wp-json\/wp\/v2\/pages\/414\/revisions"}],"wp:attachment":[{"href":"https:\/\/sanadalabs.com\/en\/wp-json\/wp\/v2\/media?parent=414"}],"curies":[{"name":"wp","href":"https:\/\/api.w.org\/{rel}","templated":true}]}}