{"id":248,"date":"2025-06-23T15:04:53","date_gmt":"2025-06-23T18:04:53","guid":{"rendered":"http:\/\/sanada-lab.local\/?page_id=248"},"modified":"2026-04-16T10:19:34","modified_gmt":"2026-04-16T13:19:34","slug":"servicos","status":"publish","type":"page","link":"https:\/\/sanadalabs.com\/en\/servicos\/","title":{"rendered":"Services"},"content":{"rendered":"<div data-elementor-type=\"wp-page\" data-elementor-id=\"248\" class=\"elementor elementor-248\" data-elementor-post-type=\"page\">\n\t\t\t\t<div class=\"elementor-element elementor-element-19a6a0c e-con-full e-flex e-con e-parent\" data-id=\"19a6a0c\" data-element_type=\"container\" data-e-type=\"container\" data-settings=\"{&quot;background_background&quot;:&quot;video&quot;,&quot;background_video_link&quot;:&quot;https:\\\/\\\/www.youtube.com\\\/watch?v=2sNozi_5m9k&quot;}\">\n\t\t<div class=\"elementor-background-video-container elementor-hidden-mobile\">\n\t\t\t\t\t\t\t<div class=\"elementor-background-video-embed\" role=\"presentation\"><\/div>\n\t\t\t\t\t\t<\/div><div class=\"elementor-element elementor-element-4b73306 e-con-full e-flex e-con e-child\" data-id=\"4b73306\" data-element_type=\"container\" data-e-type=\"container\">\n\t\t\t\t<div class=\"elementor-element elementor-element-38d1f91 elementor-widget elementor-widget-heading\" data-id=\"38d1f91\" data-element_type=\"widget\" data-e-type=\"widget\" data-widget_type=\"heading.default\">\n\t\t\t\t<div class=\"elementor-widget-container\">\n\t\t\t\t\t<h2 class=\"elementor-heading-title elementor-size-default\">Oi, prazer. Somos o seu time de inova\u00e7\u00e3o e IA. <\/h2>\t\t\t\t<\/div>\n\t\t\t\t<\/div>\n\t\t\t\t<div class=\"elementor-element elementor-element-a1c360f elementor-widget elementor-widget-heading\" data-id=\"a1c360f\" data-element_type=\"widget\" data-e-type=\"widget\" data-widget_type=\"heading.default\">\n\t\t\t\t<div class=\"elementor-widget-container\">\n\t\t\t\t\t<h2 class=\"elementor-heading-title elementor-size-default\">Tire a sua ideia do papel<\/h2>\t\t\t\t<\/div>\n\t\t\t\t<\/div>\n\t\t\t\t<div class=\"elementor-element elementor-element-178e4b1 elementor-widget__width-initial elementor-widget elementor-widget-text-editor\" data-id=\"178e4b1\" data-element_type=\"widget\" data-e-type=\"widget\" data-widget_type=\"text-editor.default\">\n\t\t\t\t<div class=\"elementor-widget-container\">\n\t\t\t\t\t\t\t\t\t<p><em><strong>N\u00f3s combinamos experi\u00eancia e rapidez. Bora come\u00e7ar? <\/strong><\/em>Workshops, prot\u00f3tipos e solu\u00e7\u00f5es digitais completas usando intelig\u00eancia artificial na medida certa.<\/p>\t\t\t\t\t\t\t\t<\/div>\n\t\t\t\t<\/div>\n\t\t\t\t<\/div>\n\t\t\t\t<\/div>\n\t\t<div class=\"elementor-element elementor-element-6f7a65a e-con-full e-flex e-con e-parent\" data-id=\"6f7a65a\" data-element_type=\"container\" data-e-type=\"container\" data-settings=\"{&quot;background_background&quot;:&quot;classic&quot;}\">\n\t\t<div class=\"elementor-element elementor-element-6c3e47f e-con-full e-flex e-con e-child\" data-id=\"6c3e47f\" data-element_type=\"container\" data-e-type=\"container\">\n\t\t\t\t<div class=\"elementor-element elementor-element-225cba6 elementor-widget elementor-widget-menu-anchor\" data-id=\"225cba6\" data-element_type=\"widget\" data-e-type=\"widget\" data-widget_type=\"menu-anchor.default\">\n\t\t\t\t<div class=\"elementor-widget-container\">\n\t\t\t\t\t\t\t<div class=\"elementor-menu-anchor\" id=\"servicos\"><\/div>\n\t\t\t\t\t\t<\/div>\n\t\t\t\t<\/div>\n\t\t\t\t<div class=\"elementor-element elementor-element-ddea5c6 elementor-widget elementor-widget-heading\" data-id=\"ddea5c6\" data-element_type=\"widget\" data-e-type=\"widget\" data-widget_type=\"heading.default\">\n\t\t\t\t<div class=\"elementor-widget-container\">\n\t\t\t\t\t<h2 class=\"elementor-heading-title elementor-size-default\">Problemas geram oportunidades...<\/h2>\t\t\t\t<\/div>\n\t\t\t\t<\/div>\n\t\t\t\t<div class=\"elementor-element elementor-element-8ba5a55 elementor-widget elementor-widget-heading\" data-id=\"8ba5a55\" data-element_type=\"widget\" data-e-type=\"widget\" data-widget_type=\"heading.default\">\n\t\t\t\t<div class=\"elementor-widget-container\">\n\t\t\t\t\t<h2 class=\"elementor-heading-title elementor-size-default\">A gente constr\u00f3i o que agrega valor de verdade.<\/h2>\t\t\t\t<\/div>\n\t\t\t\t<\/div>\n\t\t\t\t<\/div>\n\t\t\t\t<\/div>\n\t\t<div class=\"elementor-element elementor-element-6a3b84d e-con-full e-flex e-con e-parent\" data-id=\"6a3b84d\" data-element_type=\"container\" data-e-type=\"container\" data-settings=\"{&quot;background_background&quot;:&quot;classic&quot;}\">\n\t\t<div class=\"elementor-element elementor-element-7aa0a22 e-con-full e-flex e-con e-child\" data-id=\"7aa0a22\" data-element_type=\"container\" data-e-type=\"container\">\n\t\t\t\t<div class=\"elementor-element elementor-element-9a96161 elementor-widget elementor-widget-heading\" data-id=\"9a96161\" data-element_type=\"widget\" data-e-type=\"widget\" data-widget_type=\"heading.default\">\n\t\t\t\t<div class=\"elementor-widget-container\">\n\t\t\t\t\t<h2 class=\"elementor-heading-title elementor-size-default\">E voc\u00ea escolhe por onde come\u00e7ar<\/h2>\t\t\t\t<\/div>\n\t\t\t\t<\/div>\n\t\t\t\t<div class=\"elementor-element elementor-element-ff2e551 elementor-absolute elementor-hidden-mobile elementor-widget elementor-widget-heading\" data-id=\"ff2e551\" data-element_type=\"widget\" data-e-type=\"widget\" data-settings=\"{&quot;_position&quot;:&quot;absolute&quot;}\" data-widget_type=\"heading.default\">\n\t\t\t\t<div class=\"elementor-widget-container\">\n\t\t\t\t\t<h2 class=\"elementor-heading-title elementor-size-default\">\/ Sanada Labs\n<br>\nServices<\/h2>\t\t\t\t<\/div>\n\t\t\t\t<\/div>\n\t\t\t\t<\/div>\n\t\t\t\t<div class=\"elementor-element elementor-element-2c584f4 elementor-widget elementor-widget-html\" data-id=\"2c584f4\" data-element_type=\"widget\" data-e-type=\"widget\" data-widget_type=\"html.default\">\n\t\t\t\t<div class=\"elementor-widget-container\">\n\t\t\t\t\t<style>\r\n  .acordeao-horizontal {\r\n    display: flex;\r\n    gap: 20px;\r\n    max-width: 100%;\r\n    max-height: 750px;\r\n    margin: 40px auto;\r\n    font-family: 'Poppins', sans-serif;\r\n  }\r\n\r\n  .ac-item {\r\n    flex: 1;\r\n    border: 2px solid #000;\r\n    border-radius: 20px;\r\n    padding: 30px 25px;\r\n    cursor: pointer;\r\n    transition: flex 0.5s ease;\r\n    background-color: #EBF4F1;\r\n    overflow: hidden;\r\n    position: relative;\r\n    display: flex;\r\n    flex-direction: column;\r\n    justify-content: flex-end;\r\n  }\r\n\r\n  .ac-item.ativo {\r\n    flex: 2;\r\n    \/*border-color: #7a0bc0;*\/\r\n    \/*color: #7a0bc0;*\/\r\n    border-color: #8B7500;\r\n    color: #8B7500;\r\n  }\r\n\r\n  .info-basica {\r\n    position: absolute;\r\n    bottom: 30px;\r\n    left: 25px;\r\n    right: 25px;\r\n    transition: all 0.4s ease;\r\n  }\r\n\r\n  .ac-item.ativo .info-basica {\r\n    position: relative;\r\n    bottom: auto;\r\n    left: auto;\r\n    right: auto;\r\n    margin-bottom: 20px;\r\n  }\r\n\r\n  .titulo {\r\n    font-size: 48px;\r\n    font-weight: bold;\r\n    line-height: 1.2;\r\n    letter-spacing: -0.8px;\r\n\r\n  }\r\n\r\n  .subtitulo {\r\n    font-style: italic;\r\n    font-size: 20px;\r\n    margin-top: 5px;\r\n    letter-spacing: -0.8px;\r\n  }\r\n\r\n  .conteudo {\r\n    opacity: 0;\r\n    max-height: 0;\r\n    overflow: hidden;\r\n    transition: opacity 0.5s ease 0.4s, max-height 1s ease 0.4s;\r\n    font-size: 16px;\r\n    letter-spacing: -0.8px;\r\n  }\r\n\r\n  .ac-item.ativo .conteudo {\r\n    opacity: 1;\r\n    max-height: 1000px;\r\n  }\r\n\r\n  .ac-item ul {\r\n    padding-left: 20px;\r\n  }\r\n\r\n  .ac-item h4 {\r\n    font-style: italic;\r\n    font-weight: bold;\r\n    font-size: 24px;\r\n    margin: 20px 0 5px;\r\n    letter-spacing: -0.5px;\r\n  }\r\n  \r\n  @media (max-width: 768px) {\r\n  .acordeao-horizontal {\r\n    flex-direction: column;\r\n    max-height: none;\r\n  }\r\n\r\n  .ac-item {\r\n    flex: none;\r\n    height: 200px;\r\n    transition: height 0.6s ease;\r\n  }\r\n\r\n  .ac-item.ativo {\r\n    height: auto; \/* Altura maior quando ativo *\/\r\n    flex: none;\r\n  }\r\n\r\n  .info-basica {\r\n    position: relative;\r\n    bottom: auto;\r\n    left: auto;\r\n    right: auto;\r\n  }\r\n\r\n  .ac-item.ativo .info-basica {\r\n    margin-bottom: 20px;\r\n  }\r\n  \r\n  .titulo {\r\n      font-size: 30px;\r\n  }\r\n  \r\n  .subtitulo {\r\n      font-size: 17px;\r\n  }\r\n}\r\n\r\n<\/style>\r\n\r\n\r\n<div class=\"acordeao-horizontal\">\r\n  <div class=\"ac-item ativo\">\r\n    <div class=\"titulo\">01<br>IDEIA<\/div>\r\n    <div class=\"subtitulo\">Voc\u00ea tem uma ideia, mas n\u00e3o sabe por onde come\u00e7ar.<\/div>\r\n    <div class=\"conteudo\">\r\n\r\n      <h4>O que fazemos\r\n<\/h4>\r\n      <ul>\r\n        <li>Workshops para mapear desafios e oportunidades\r\n<\/li>\r\n        <li>Prioriza\u00e7\u00e3o de oportunidades e plano de a\u00e7\u00e3o<\/li>\r\n        <li>Defini\u00e7\u00e3o do que realmente gera valor<\/li>\r\n        <li>Primeira vis\u00e3o da solu\u00e7\u00e3o e como executar<\/li>\r\n      <\/ul>\r\n\r\n      <h4>Resultado<\/h4>\r\n      <p>Voc\u00ea sabe exatamente onde colocar tempo e energia.<\/p>\r\n    <\/div>\r\n  <\/div>\r\n\r\n  <div class=\"ac-item\">\r\n    <div class=\"titulo\">02<br>VALIDA\u00c7\u00c3O<\/div>\r\n    <div class=\"subtitulo\">Voc\u00ea j\u00e1 tem uma solu\u00e7\u00e3o, mas precisa provar que funciona.\r\n<\/div>\r\n    <div class=\"conteudo\">\r\n      <h4>O que fazemos\r\n<\/h4>\r\n      <ul>\r\n        <li>Prot\u00f3tipos naveg\u00e1veis<\/li>\r\n        <li>Jornadas e experi\u00eancias do usu\u00e1rio<\/li>\r\n        <li>Landing pages para comunicar a solu\u00e7\u00e3o<\/li>\r\n        <li>Testes com usu\u00e1rios finais<\/li>\r\n        <li>Vers\u00f5es iniciais de apps, agentes de IA ou automa\u00e7\u00f5es para valida\u00e7\u00e3o<\/li>\r\n      <\/ul>\r\n\r\n      <h4>Resultado<\/h4>\r\n      <p>Voc\u00ea comprova se a solu\u00e7\u00e3o vale o investimento.<\/p>\r\n    <\/div>\r\n  <\/div>\r\n\r\n  <div class=\"ac-item\">\r\n    <div class=\"titulo\">03<br>CRESCIMENTO<\/div>\r\n    <div class=\"subtitulo\">A solu\u00e7\u00e3o funciona. Agora \u00e9 hora de escalar.<\/div>\r\n    <div class=\"conteudo\">\r\n      <h4>O que fazemos<\/h4>\r\n      <ul>\r\n        <li>Desenvolvimento de apps e plataformas<\/li>\r\n        <li>Agentes IA integrados \u00e0 opera\u00e7\u00e3o<\/li>\r\n        <li>Automa\u00e7\u00f5es e integra\u00e7\u00f5es com outros sistemas<\/li>\r\n        <li>BI conversacional - dashboards que mostram dados e respondem as suas perguntas<\/li>\r\n        <li>Evolu\u00e7\u00e3o de solu\u00e7\u00f5es validadas para escala real\r\n<\/li>\r\n      <\/ul>\r\n\r\n      <h4>Resultado<\/h4>\r\n      <p>Voc\u00ea tem uma solu\u00e7\u00e3o pronta para crescer com o neg\u00f3cio.<\/p>\r\n    <\/div>\r\n  <\/div>\r\n<\/div>\r\n\r\n<script>\r\n  const itens = document.querySelectorAll('.acordeao-horizontal .ac-item');\r\n\r\n  itens.forEach(item => {\r\n    item.addEventListener('click', () => {\r\n      itens.forEach(i => i.classList.remove('ativo'));\r\n      item.classList.add('ativo');\r\n    });\r\n  });\r\n<\/script>\r\n\t\t\t\t<\/div>\n\t\t\t\t<\/div>\n\t\t\t\t<\/div>\n\t\t<div class=\"elementor-element elementor-element-e97b1ac e-con-full e-flex e-con e-parent\" data-id=\"e97b1ac\" data-element_type=\"container\" data-e-type=\"container\" data-settings=\"{&quot;background_background&quot;:&quot;classic&quot;}\">\n\t\t<div class=\"elementor-element elementor-element-4c8980b e-con-full e-flex e-con e-child\" data-id=\"4c8980b\" data-element_type=\"container\" data-e-type=\"container\">\n\t\t\t\t<div class=\"elementor-element elementor-element-260a496 elementor-hidden-mobile elementor-widget elementor-widget-heading\" data-id=\"260a496\" data-element_type=\"widget\" data-e-type=\"widget\" data-widget_type=\"heading.default\">\n\t\t\t\t<div class=\"elementor-widget-container\">\n\t\t\t\t\t<h2 class=\"elementor-heading-title elementor-size-default\">\/ Sanada Labs\n<br>\nServices<\/h2>\t\t\t\t<\/div>\n\t\t\t\t<\/div>\n\t\t\t\t<div class=\"elementor-element elementor-element-d953140 elementor-widget elementor-widget-heading\" data-id=\"d953140\" data-element_type=\"widget\" data-e-type=\"widget\" data-widget_type=\"heading.default\">\n\t\t\t\t<div class=\"elementor-widget-container\">\n\t\t\t\t\t<h2 class=\"elementor-heading-title elementor-size-default\">Como contratar<\/h2>\t\t\t\t<\/div>\n\t\t\t\t<\/div>\n\t\t\t\t<\/div>\n\t\t<div class=\"elementor-element elementor-element-fd49912 e-grid e-con-full e-con e-child\" data-id=\"fd49912\" data-element_type=\"container\" data-e-type=\"container\">\n\t\t<div class=\"elementor-element elementor-element-24b1aa6 e-con-full e-flex e-con e-child\" data-id=\"24b1aa6\" data-element_type=\"container\" data-e-type=\"container\">\n\t\t\t\t<div class=\"elementor-element elementor-element-0b5489a elementor-widget elementor-widget-heading\" data-id=\"0b5489a\" data-element_type=\"widget\" data-e-type=\"widget\" data-widget_type=\"heading.default\">\n\t\t\t\t<div class=\"elementor-widget-container\">\n\t\t\t\t\t<h2 class=\"elementor-heading-title elementor-size-default\">1<\/h2>\t\t\t\t<\/div>\n\t\t\t\t<\/div>\n\t\t\t\t<div class=\"elementor-element elementor-element-f592839 elementor-widget elementor-widget-heading\" data-id=\"f592839\" data-element_type=\"widget\" data-e-type=\"widget\" data-widget_type=\"heading.default\">\n\t\t\t\t<div class=\"elementor-widget-container\">\n\t\t\t\t\t<h2 class=\"elementor-heading-title elementor-size-default\">Por Hora<\/h2>\t\t\t\t<\/div>\n\t\t\t\t<\/div>\n\t\t\t\t<div class=\"elementor-element elementor-element-48fee6b elementor-widget__width-initial elementor-widget elementor-widget-text-editor\" data-id=\"48fee6b\" data-element_type=\"widget\" data-e-type=\"widget\" data-widget_type=\"text-editor.default\">\n\t\t\t\t<div class=\"elementor-widget-container\">\n\t\t\t\t\t\t\t\t\t<p>Voc\u00ea diz o que precisa e te ajudamos pontualmente em qualquer etapa: Ideia, Valida\u00e7\u00e3o ou Crescimento. <br \/>R$ 350,00 \/ hora<\/p>\t\t\t\t\t\t\t\t<\/div>\n\t\t\t\t<\/div>\n\t\t\t\t<\/div>\n\t\t<div class=\"elementor-element elementor-element-90d5537 e-con-full e-flex e-con e-child\" data-id=\"90d5537\" data-element_type=\"container\" data-e-type=\"container\">\n\t\t\t\t<div class=\"elementor-element elementor-element-57be6e8 elementor-widget elementor-widget-heading\" data-id=\"57be6e8\" data-element_type=\"widget\" data-e-type=\"widget\" data-widget_type=\"heading.default\">\n\t\t\t\t<div class=\"elementor-widget-container\">\n\t\t\t\t\t<h2 class=\"elementor-heading-title elementor-size-default\">2<\/h2>\t\t\t\t<\/div>\n\t\t\t\t<\/div>\n\t\t\t\t<div class=\"elementor-element elementor-element-4ce3fb1 elementor-widget elementor-widget-heading\" data-id=\"4ce3fb1\" data-element_type=\"widget\" data-e-type=\"widget\" data-widget_type=\"heading.default\">\n\t\t\t\t<div class=\"elementor-widget-container\">\n\t\t\t\t\t<h2 class=\"elementor-heading-title elementor-size-default\">Mensalidade<\/h2>\t\t\t\t<\/div>\n\t\t\t\t<\/div>\n\t\t\t\t<div class=\"elementor-element elementor-element-2302fe7 elementor-widget__width-initial elementor-widget elementor-widget-text-editor\" data-id=\"2302fe7\" data-element_type=\"widget\" data-e-type=\"widget\" data-widget_type=\"text-editor.default\">\n\t\t\t\t<div class=\"elementor-widget-container\">\n\t\t\t\t\t\t\t\t\t<p>Combinamos um valor mensal de adoro com a sua demanda. Podemos te entregar tudo pronto ou capacitar voc\u00ea e seu time.<br \/>A partir de R$ 1.500,00.<\/p>\t\t\t\t\t\t\t\t<\/div>\n\t\t\t\t<\/div>\n\t\t\t\t<\/div>\n\t\t<div class=\"elementor-element elementor-element-e4cce88 e-con-full e-flex e-con e-child\" data-id=\"e4cce88\" data-element_type=\"container\" data-e-type=\"container\">\n\t\t\t\t<div class=\"elementor-element elementor-element-63d06bb elementor-widget elementor-widget-heading\" data-id=\"63d06bb\" data-element_type=\"widget\" data-e-type=\"widget\" data-widget_type=\"heading.default\">\n\t\t\t\t<div class=\"elementor-widget-container\">\n\t\t\t\t\t<h2 class=\"elementor-heading-title elementor-size-default\">3<\/h2>\t\t\t\t<\/div>\n\t\t\t\t<\/div>\n\t\t\t\t<div class=\"elementor-element elementor-element-280dc95 elementor-widget elementor-widget-heading\" data-id=\"280dc95\" data-element_type=\"widget\" data-e-type=\"widget\" data-widget_type=\"heading.default\">\n\t\t\t\t<div class=\"elementor-widget-container\">\n\t\t\t\t\t<h2 class=\"elementor-heading-title elementor-size-default\">Por Projeto<\/h2>\t\t\t\t<\/div>\n\t\t\t\t<\/div>\n\t\t\t\t<div class=\"elementor-element elementor-element-2d6320c elementor-widget__width-initial elementor-widget elementor-widget-text-editor\" data-id=\"2d6320c\" data-element_type=\"widget\" data-e-type=\"widget\" data-widget_type=\"text-editor.default\">\n\t\t\t\t<div class=\"elementor-widget-container\">\n\t\t\t\t\t\t\t\t\t<p>Analisamos os requisitos e n\u00edvel de complexidade da sua solu\u00e7\u00e3o, e entregamos uma proposta com escopo, prazo e investimento pr\u00e9-definido.<\/p>\t\t\t\t\t\t\t\t<\/div>\n\t\t\t\t<\/div>\n\t\t\t\t<\/div>\n\t\t\t\t<\/div>\n\t\t\t\t<\/div>\n\t\t<div class=\"elementor-element elementor-element-ae59d78 e-con-full e-flex e-con e-parent\" data-id=\"ae59d78\" data-element_type=\"container\" data-e-type=\"container\" data-settings=\"{&quot;background_background&quot;:&quot;classic&quot;}\">\n\t\t<div class=\"elementor-element elementor-element-51b96d3 e-con-full e-flex e-con e-child\" data-id=\"51b96d3\" data-element_type=\"container\" data-e-type=\"container\">\n\t\t\t\t<div class=\"elementor-element elementor-element-49a3756 elementor-widget elementor-widget-heading\" data-id=\"49a3756\" data-element_type=\"widget\" data-e-type=\"widget\" data-widget_type=\"heading.default\">\n\t\t\t\t<div class=\"elementor-widget-container\">\n\t\t\t\t\t<h2 class=\"elementor-heading-title elementor-size-default\">Nossos clientes se transformam em parceiros de neg\u00f3cios<\/h2>\t\t\t\t<\/div>\n\t\t\t\t<\/div>\n\t\t\t\t<\/div>\n\t\t<div class=\"elementor-element elementor-element-7fecb21 e-grid e-con-full e-con e-child\" data-id=\"7fecb21\" data-element_type=\"container\" data-e-type=\"container\">\n\t\t\t\t<div class=\"elementor-element elementor-element-185bf88 elementor-widget elementor-widget-image\" data-id=\"185bf88\" data-element_type=\"widget\" data-e-type=\"widget\" data-widget_type=\"image.default\">\n\t\t\t\t<div class=\"elementor-widget-container\">\n\t\t\t\t\t\t\t\t\t\t\t\t\t\t\t\t<a href=\"https:\/\/dancefloorbr.com\/painel-de-emocoes-e-emotiva\/\">\n\t\t\t\t\t\t\t<img fetchpriority=\"high\" decoding=\"async\" width=\"387\" height=\"320\" src=\"https:\/\/sanadalabs.com\/wp-content\/uploads\/2026\/04\/DanceFloor.png\" class=\"attachment-large size-large wp-image-3448\" alt=\"\" srcset=\"https:\/\/sanadalabs.com\/wp-content\/uploads\/2026\/04\/DanceFloor.png 387w, https:\/\/sanadalabs.com\/wp-content\/uploads\/2026\/04\/DanceFloor-300x248.png 300w, https:\/\/sanadalabs.com\/wp-content\/uploads\/2026\/04\/DanceFloor-15x12.png 15w\" sizes=\"(max-width: 387px) 100vw, 387px\" \/>\t\t\t\t\t\t\t\t<\/a>\n\t\t\t\t\t\t\t\t\t\t\t\t\t\t\t<\/div>\n\t\t\t\t<\/div>\n\t\t\t\t<div class=\"elementor-element elementor-element-6337754 elementor-widget elementor-widget-image\" data-id=\"6337754\" data-element_type=\"widget\" data-e-type=\"widget\" data-widget_type=\"image.default\">\n\t\t\t\t<div class=\"elementor-widget-container\">\n\t\t\t\t\t\t\t\t\t\t\t\t\t\t\t\t<a href=\"https:\/\/www.smpv.com.br\/\">\n\t\t\t\t\t\t\t<img decoding=\"async\" width=\"428\" height=\"135\" src=\"https:\/\/sanadalabs.com\/wp-content\/uploads\/2026\/04\/smpv.png\" class=\"attachment-large size-large wp-image-3447\" alt=\"\" srcset=\"https:\/\/sanadalabs.com\/wp-content\/uploads\/2026\/04\/smpv.png 428w, https:\/\/sanadalabs.com\/wp-content\/uploads\/2026\/04\/smpv-300x95.png 300w, https:\/\/sanadalabs.com\/wp-content\/uploads\/2026\/04\/smpv-18x6.png 18w\" sizes=\"(max-width: 428px) 100vw, 428px\" \/>\t\t\t\t\t\t\t\t<\/a>\n\t\t\t\t\t\t\t\t\t\t\t\t\t\t\t<\/div>\n\t\t\t\t<\/div>\n\t\t\t\t<div class=\"elementor-element elementor-element-8fb093e elementor-widget elementor-widget-image\" data-id=\"8fb093e\" data-element_type=\"widget\" data-e-type=\"widget\" data-widget_type=\"image.default\">\n\t\t\t\t<div class=\"elementor-widget-container\">\n\t\t\t\t\t\t\t\t\t\t\t\t\t\t\t\t<a href=\"https:\/\/kingrights.lovable.app\/\">\n\t\t\t\t\t\t\t<img decoding=\"async\" width=\"427\" height=\"214\" src=\"https:\/\/sanadalabs.com\/wp-content\/uploads\/2026\/04\/King-of-rights.png\" class=\"attachment-large size-large wp-image-3446\" alt=\"\" srcset=\"https:\/\/sanadalabs.com\/wp-content\/uploads\/2026\/04\/King-of-rights.png 427w, https:\/\/sanadalabs.com\/wp-content\/uploads\/2026\/04\/King-of-rights-300x150.png 300w, https:\/\/sanadalabs.com\/wp-content\/uploads\/2026\/04\/King-of-rights-18x9.png 18w\" sizes=\"(max-width: 427px) 100vw, 427px\" \/>\t\t\t\t\t\t\t\t<\/a>\n\t\t\t\t\t\t\t\t\t\t\t\t\t\t\t<\/div>\n\t\t\t\t<\/div>\n\t\t\t\t<div class=\"elementor-element elementor-element-1d0406a elementor-widget elementor-widget-image\" data-id=\"1d0406a\" data-element_type=\"widget\" data-e-type=\"widget\" data-widget_type=\"image.default\">\n\t\t\t\t<div class=\"elementor-widget-container\">\n\t\t\t\t\t\t\t\t\t\t\t\t\t\t\t\t<a href=\"https:\/\/voxtogo.com\/\">\n\t\t\t\t\t\t\t<img loading=\"lazy\" decoding=\"async\" width=\"258\" height=\"214\" src=\"https:\/\/sanadalabs.com\/wp-content\/uploads\/2026\/04\/VoxToGo.png\" class=\"attachment-full size-full wp-image-3445\" alt=\"\" srcset=\"https:\/\/sanadalabs.com\/wp-content\/uploads\/2026\/04\/VoxToGo.png 258w, https:\/\/sanadalabs.com\/wp-content\/uploads\/2026\/04\/VoxToGo-14x12.png 14w\" sizes=\"(max-width: 258px) 100vw, 258px\" \/>\t\t\t\t\t\t\t\t<\/a>\n\t\t\t\t\t\t\t\t\t\t\t\t\t\t\t<\/div>\n\t\t\t\t<\/div>\n\t\t\t\t<div class=\"elementor-element elementor-element-95c726a elementor-widget elementor-widget-image\" data-id=\"95c726a\" data-element_type=\"widget\" data-e-type=\"widget\" data-widget_type=\"image.default\">\n\t\t\t\t<div class=\"elementor-widget-container\">\n\t\t\t\t\t\t\t\t\t\t\t\t\t\t\t\t<a href=\"https:\/\/due.net.br\/\">\n\t\t\t\t\t\t\t<img loading=\"lazy\" decoding=\"async\" width=\"387\" height=\"174\" src=\"https:\/\/sanadalabs.com\/wp-content\/uploads\/2026\/04\/Due.png\" class=\"attachment-large size-large wp-image-3444\" alt=\"\" srcset=\"https:\/\/sanadalabs.com\/wp-content\/uploads\/2026\/04\/Due.png 387w, https:\/\/sanadalabs.com\/wp-content\/uploads\/2026\/04\/Due-300x135.png 300w, https:\/\/sanadalabs.com\/wp-content\/uploads\/2026\/04\/Due-18x8.png 18w\" sizes=\"(max-width: 387px) 100vw, 387px\" \/>\t\t\t\t\t\t\t\t<\/a>\n\t\t\t\t\t\t\t\t\t\t\t\t\t\t\t<\/div>\n\t\t\t\t<\/div>\n\t\t\t\t<\/div>\n\t\t\t\t<\/div>\n\t\t\t\t<\/div>","protected":false},"excerpt":{"rendered":"<p>Oi, prazer. Somos o seu time de inova\u00e7\u00e3o e IA. Tire a sua ideia do papel N\u00f3s combinamos experi\u00eancia e rapidez. Bora come\u00e7ar? Workshops, prot\u00f3tipos e solu\u00e7\u00f5es digitais completas usando intelig\u00eancia artificial na medida certa. Problemas geram oportunidades&#8230; A gente constr\u00f3i o que agrega valor de verdade. E voc\u00ea escolhe por onde come\u00e7ar \/ Sanada [&hellip;]<\/p>\n","protected":false},"author":1,"featured_media":0,"parent":0,"menu_order":0,"comment_status":"closed","ping_status":"closed","template":"elementor_header_footer","meta":{"footnotes":""},"class_list":["post-248","page","type-page","status-publish","hentry"],"_hostinger_reach_plugin_has_subscription_block":false,"_hostinger_reach_plugin_is_elementor":false,"_links":{"self":[{"href":"https:\/\/sanadalabs.com\/en\/wp-json\/wp\/v2\/pages\/248","targetHints":{"allow":["GET"]}}],"collection":[{"href":"https:\/\/sanadalabs.com\/en\/wp-json\/wp\/v2\/pages"}],"about":[{"href":"https:\/\/sanadalabs.com\/en\/wp-json\/wp\/v2\/types\/page"}],"author":[{"embeddable":true,"href":"https:\/\/sanadalabs.com\/en\/wp-json\/wp\/v2\/users\/1"}],"replies":[{"embeddable":true,"href":"https:\/\/sanadalabs.com\/en\/wp-json\/wp\/v2\/comments?post=248"}],"version-history":[{"count":46,"href":"https:\/\/sanadalabs.com\/en\/wp-json\/wp\/v2\/pages\/248\/revisions"}],"predecessor-version":[{"id":3469,"href":"https:\/\/sanadalabs.com\/en\/wp-json\/wp\/v2\/pages\/248\/revisions\/3469"}],"wp:attachment":[{"href":"https:\/\/sanadalabs.com\/en\/wp-json\/wp\/v2\/media?parent=248"}],"curies":[{"name":"wp","href":"https:\/\/api.w.org\/{rel}","templated":true}]}}