{"id":2428,"date":"2025-12-30T09:10:37","date_gmt":"2025-12-30T12:10:37","guid":{"rendered":"https:\/\/sanadalabs.com\/?page_id=2428"},"modified":"2026-03-25T18:05:36","modified_gmt":"2026-03-25T21:05:36","slug":"cases","status":"publish","type":"page","link":"https:\/\/sanadalabs.com\/en\/cases\/","title":{"rendered":"Cases"},"content":{"rendered":"<div data-elementor-type=\"wp-page\" data-elementor-id=\"2428\" class=\"elementor elementor-2428\" data-elementor-post-type=\"page\">\n\t\t\t\t<div class=\"elementor-element elementor-element-5fddfab e-con-full e-flex e-con e-parent\" data-id=\"5fddfab\" data-element_type=\"container\" data-e-type=\"container\" data-settings=\"{&quot;background_background&quot;:&quot;classic&quot;}\">\n\t\t<div class=\"elementor-element elementor-element-bce7d35 e-con-full e-flex e-con e-child\" data-id=\"bce7d35\" data-element_type=\"container\" data-e-type=\"container\">\n\t\t\t\t<div class=\"elementor-element elementor-element-45b5634 elementor-widget elementor-widget-heading\" data-id=\"45b5634\" data-element_type=\"widget\" data-e-type=\"widget\" data-widget_type=\"heading.default\">\n\t\t\t\t<div class=\"elementor-widget-container\">\n\t\t\t\t\t<h2 class=\"elementor-heading-title elementor-size-default\">Technology that<\/h2>\t\t\t\t<\/div>\n\t\t\t\t<\/div>\n\t\t\t\t<div class=\"elementor-element elementor-element-a2c9a88 elementor-widget elementor-widget-heading\" data-id=\"a2c9a88\" data-element_type=\"widget\" data-e-type=\"widget\" data-widget_type=\"heading.default\">\n\t\t\t\t<div class=\"elementor-widget-container\">\n\t\t\t\t\t<h2 class=\"elementor-heading-title elementor-size-default\">transforms your business<\/h2>\t\t\t\t<\/div>\n\t\t\t\t<\/div>\n\t\t\t\t<div class=\"elementor-element elementor-element-d27ce7a elementor-widget__width-initial elementor-widget elementor-widget-text-editor\" data-id=\"d27ce7a\" data-element_type=\"widget\" data-e-type=\"widget\" data-widget_type=\"text-editor.default\">\n\t\t\t\t<div class=\"elementor-widget-container\">\n\t\t\t\t\t\t\t\t\t<p>We identify the technologies that will become your competitive advantage.<\/p>\t\t\t\t\t\t\t\t<\/div>\n\t\t\t\t<\/div>\n\t\t\t\t<\/div>\n\t\t\t\t<div class=\"elementor-element elementor-element-31394c8 elementor-absolute elementor-widget elementor-widget-image\" data-id=\"31394c8\" data-element_type=\"widget\" data-e-type=\"widget\" data-settings=\"{&quot;_position&quot;:&quot;absolute&quot;}\" data-widget_type=\"image.default\">\n\t\t\t\t<div class=\"elementor-widget-container\">\n\t\t\t\t\t\t\t\t\t\t\t\t\t\t\t\t<a href=\"#casosdeuso\">\n\t\t\t\t\t\t\t<img decoding=\"async\" width=\"63\" height=\"63\" src=\"https:\/\/sanadalabs.com\/wp-content\/uploads\/2025\/06\/Seta.svg\" class=\"attachment-large size-large wp-image-404\" alt=\"\" \/>\t\t\t\t\t\t\t\t<\/a>\n\t\t\t\t\t\t\t\t\t\t\t\t\t\t\t<\/div>\n\t\t\t\t<\/div>\n\t\t\t\t<\/div>\n\t\t<div class=\"elementor-element elementor-element-4f1a9a0 e-con-full e-flex e-con e-parent\" data-id=\"4f1a9a0\" data-element_type=\"container\" data-e-type=\"container\" data-settings=\"{&quot;background_background&quot;:&quot;classic&quot;}\">\n\t\t<div class=\"elementor-element elementor-element-ca46e3f e-con-full e-flex e-con e-child\" data-id=\"ca46e3f\" data-element_type=\"container\" data-e-type=\"container\">\n\t\t\t\t<div class=\"elementor-element elementor-element-75beede elementor-widget elementor-widget-menu-anchor\" data-id=\"75beede\" data-element_type=\"widget\" data-e-type=\"widget\" data-widget_type=\"menu-anchor.default\">\n\t\t\t\t<div class=\"elementor-widget-container\">\n\t\t\t\t\t\t\t<div class=\"elementor-menu-anchor\" id=\"casosdeuso\"><\/div>\n\t\t\t\t\t\t<\/div>\n\t\t\t\t<\/div>\n\t\t\t\t<div class=\"elementor-element elementor-element-311e2d1 elementor-widget elementor-widget-heading\" data-id=\"311e2d1\" data-element_type=\"widget\" data-e-type=\"widget\" data-widget_type=\"heading.default\">\n\t\t\t\t<div class=\"elementor-widget-container\">\n\t\t\t\t\t<h2 class=\"elementor-heading-title elementor-size-default\">Real cases. Real business. <\/h2>\t\t\t\t<\/div>\n\t\t\t\t<\/div>\n\t\t\t\t<div class=\"elementor-element elementor-element-f26e256 elementor-widget elementor-widget-text-editor\" data-id=\"f26e256\" data-element_type=\"widget\" data-e-type=\"widget\" data-widget_type=\"text-editor.default\">\n\t\t\t\t<div class=\"elementor-widget-container\">\n\t\t\t\t\t\t\t\t\t<p>Solutions co-created in our innovation lab.<\/p>\t\t\t\t\t\t\t\t<\/div>\n\t\t\t\t<\/div>\n\t\t\t\t<\/div>\n\t\t\t\t<\/div>\n\t\t<div class=\"elementor-element elementor-element-88dc723 e-con-full e-flex e-con e-parent\" data-id=\"88dc723\" data-element_type=\"container\" data-e-type=\"container\" data-settings=\"{&quot;background_background&quot;:&quot;classic&quot;}\">\n\t\t\t\t<div class=\"elementor-element elementor-element-6578271 elementor-widget elementor-widget-html\" data-id=\"6578271\" data-element_type=\"widget\" data-e-type=\"widget\" data-widget_type=\"html.default\">\n\t\t\t\t<div class=\"elementor-widget-container\">\n\t\t\t\t\t<!DOCTYPE html>\r\n<html lang=\"pt-br\">\r\n<head>\r\n  <meta charset=\"UTF-8\">\r\n  <title>Transi\u00e7\u00e3o Teste<\/title>\r\n  <style>\r\n    .box {\r\n        height: 200px;\r\n        background-position: center center;\r\n        background-repeat: no-repeat;\r\n        background-size: cover;\r\n        transition: all 1s;\r\n        display: flex;\r\n        align-items: self-end;\r\n        cursor: pointer;\r\n        \r\n    }\r\n    \r\n    .r4km {\r\n        font-family: \"Montserrat\", Sans-serif;\r\n        font-size: 48px;\r\n        font-weight: 700;\r\n        color: #FFFFFF;\r\n        margin: 0px;\r\n        font-style: italic;\r\n        letter-spacing: -0.8px;\r\n        text-shadow: 2px 2px 4px #000;\r\n    }\r\n    \r\n    .box:hover {\r\n      height: 300px;\r\n    }\r\n    \r\n    .cdu-conteudo{\r\n        display: flex;\r\n        flex-direction: column;\r\n        padding-left: 40px;\r\n        padding-bottom: 20px;\r\n    }\r\n    \r\n    .box1{\r\n        background-image: url('https:\/\/sanadalabs.com\/wp-content\/uploads\/2025\/12\/Dancefloor.webp');\r\n    }\r\n    \r\n    .box2{\r\n        background-image: url('https:\/\/sanadalabs.com\/wp-content\/uploads\/2025\/12\/VoxToGo.webp');\r\n        background-position: top bottom;\r\n    }\r\n    \r\n    .box3{\r\n        background-image: url('https:\/\/sanadalabs.com\/wp-content\/uploads\/2025\/12\/SMPV.webp');\r\n    }\r\n    \r\n    .box4{\r\n        background-image: url('https:\/\/sanadalabs.com\/wp-content\/uploads\/2025\/12\/King-Rights.webp');\r\n    }\r\n    \r\n    .box5{\r\n        background-image: url('https:\/\/sanada.com.br\/wp-content\/uploads\/2025\/06\/Home-RH-scaled.webp');\r\n    }\r\n    \r\n    .casosDeUso{\r\n        display: flex;\r\n        flex-direction: column;\r\n        gap: 10px;\r\n    }\r\n    \r\n    @media (max-width: 792px) {\r\n        .r4km {\r\n            font-size: 24px;\r\n        }\r\n        \r\n        img{\r\n            width: 80px\r\n        }\r\n        \r\n        .cdu-conteudo {\r\n            padding-left: 20px;\r\n        }\r\n        \r\n        .box{\r\n            border-radius: 20px 20px 20px 20px;\r\n        }\r\n    }\r\n\r\n  <\/style>\r\n<\/head>\r\n<body>\r\n    <div class=\"casosDeUso\">\r\n        <a href=\"https:\/\/sanadalabs.com\/en\/cases\/dancefloor\/\">\r\n            <div class=\"box1 box\">\r\n            <div class=\"cdu-conteudo\">\r\n                <img loading=\"lazy\" decoding=\"async\" width=\"110px\" height=\"35\" src=\"https:\/\/sanada.com.br\/wp-content\/uploads\/2025\/06\/Subtract.svg\" class=\"attachment-large size-large wp-image-110\" alt=\"\">\r\n                <h2 class=\"r4km\">DANCEFLOOR Emotional Health<\/h2>\r\n            <\/div>\r\n        <\/div>\r\n        <\/a>\r\n        \r\n        <a href=\"https:\/\/sanadalabs.com\/en\/cases\/voxtogo\/\">\r\n            <div class=\"box2 box\">\r\n            <div class=\"cdu-conteudo\">\r\n                <img loading=\"lazy\" decoding=\"async\" width=\"110px\" height=\"35\" src=\"https:\/\/sanada.com.br\/wp-content\/uploads\/2025\/06\/Subtract-1.svg\" alt=\"\">\r\n                <h2 class=\"r4km\">VOX TO GO Communication<\/h2>\r\n            <\/div>\r\n        <\/div>\r\n        <\/a>\r\n        \r\n        <a href=\"https:\/\/sanadalabs.com\/en\/cases\/smpv\/\">\r\n            <div class=\"box3 box\">\r\n            <div class=\"cdu-conteudo\">\r\n                <img loading=\"lazy\" decoding=\"async\" width=\"110px\" height=\"35\" src=\"https:\/\/sanada.com.br\/wp-content\/uploads\/2025\/06\/Subtract-2.svg\" alt=\"\">\r\n                <h2 class=\"r4km\">SMPV Medical Shifts<\/h2>\r\n            <\/div>\r\n        <\/div>\r\n        <\/a>\r\n        \r\n        <a href=\"https:\/\/sanadalabs.com\/en\/cases\/king-rights\/\">\r\n            <div class=\"box4 box\">\r\n            <div class=\"cdu-conteudo\">\r\n                <img loading=\"lazy\" decoding=\"async\" width=\"110px\" height=\"35\" src=\"https:\/\/sanada.com.br\/wp-content\/uploads\/2025\/06\/Subtract-3.svg\" alt=\"\">\r\n                <h2 class=\"r4km\">KING RIGHTS Music Rights &amp; Royalties<\/h2>\r\n            <\/div>\r\n        <\/div>\r\n        <\/a>\r\n    <\/div>\r\n  \r\n<\/body>\r\n<\/html>\r\n\t\t\t\t<\/div>\n\t\t\t\t<\/div>\n\t\t\t\t<\/div>\n\t\t\t\t<\/div>","protected":false},"excerpt":{"rendered":"<p>Tecnologia que transforma o seu neg\u00f3cio Estudamos o mercado para recomendar a tecnologia que ser\u00e1 o seu diferencial competitivo. Cases reais. Neg\u00f3cios reais. Solu\u00e7\u00f5es criadas no laborat\u00f3rio de inova\u00e7\u00e3o. Transi\u00e7\u00e3o Teste DANCEFLOOR Sa\u00fade Emocional VOX TO GO Comunica\u00e7\u00e3o SMPV Plant\u00f5es M\u00e9dicos KING RIGHTS Royalties Musicais<\/p>","protected":false},"author":1,"featured_media":0,"parent":0,"menu_order":0,"comment_status":"closed","ping_status":"closed","template":"","meta":{"footnotes":""},"class_list":["post-2428","page","type-page","status-publish","hentry"],"_hostinger_reach_plugin_has_subscription_block":false,"_hostinger_reach_plugin_is_elementor":false,"_links":{"self":[{"href":"https:\/\/sanadalabs.com\/en\/wp-json\/wp\/v2\/pages\/2428","targetHints":{"allow":["GET"]}}],"collection":[{"href":"https:\/\/sanadalabs.com\/en\/wp-json\/wp\/v2\/pages"}],"about":[{"href":"https:\/\/sanadalabs.com\/en\/wp-json\/wp\/v2\/types\/page"}],"author":[{"embeddable":true,"href":"https:\/\/sanadalabs.com\/en\/wp-json\/wp\/v2\/users\/1"}],"replies":[{"embeddable":true,"href":"https:\/\/sanadalabs.com\/en\/wp-json\/wp\/v2\/comments?post=2428"}],"version-history":[{"count":24,"href":"https:\/\/sanadalabs.com\/en\/wp-json\/wp\/v2\/pages\/2428\/revisions"}],"predecessor-version":[{"id":3341,"href":"https:\/\/sanadalabs.com\/en\/wp-json\/wp\/v2\/pages\/2428\/revisions\/3341"}],"wp:attachment":[{"href":"https:\/\/sanadalabs.com\/en\/wp-json\/wp\/v2\/media?parent=2428"}],"curies":[{"name":"wp","href":"https:\/\/api.w.org\/{rel}","templated":true}]}}