{"id":1733,"date":"2025-08-13T15:14:51","date_gmt":"2025-08-13T18:14:51","guid":{"rendered":"https:\/\/sanada.com.br\/?page_id=1733"},"modified":"2026-01-06T15:15:41","modified_gmt":"2026-01-06T18:15:41","slug":"solucoes","status":"publish","type":"page","link":"https:\/\/sanadalabs.com\/en\/solucoes\/","title":{"rendered":"Solutions"},"content":{"rendered":"<div data-elementor-type=\"wp-page\" data-elementor-id=\"1733\" class=\"elementor elementor-1733\" data-elementor-post-type=\"page\">\n\t\t\t\t<div class=\"elementor-element elementor-element-e34f46f e-con-full e-flex e-con e-parent\" data-id=\"e34f46f\" data-element_type=\"container\" data-e-type=\"container\" data-settings=\"{&quot;background_background&quot;:&quot;video&quot;,&quot;background_video_link&quot;:&quot;https:\\\/\\\/www.youtube.com\\\/watch?v=2sNozi_5m9k&quot;}\">\n\t\t<div class=\"elementor-background-video-container elementor-hidden-mobile\">\n\t\t\t\t\t\t\t<div class=\"elementor-background-video-embed\" role=\"presentation\"><\/div>\n\t\t\t\t\t\t<\/div><div class=\"elementor-element elementor-element-eaee95f e-con-full e-flex e-con e-child\" data-id=\"eaee95f\" data-element_type=\"container\" data-e-type=\"container\">\n\t\t\t\t<div class=\"elementor-element elementor-element-3f95fc6 elementor-widget elementor-widget-heading\" data-id=\"3f95fc6\" data-element_type=\"widget\" data-e-type=\"widget\" data-widget_type=\"heading.default\">\n\t\t\t\t<div class=\"elementor-widget-container\">\n\t\t\t\t\t<h2 class=\"elementor-heading-title elementor-size-default\">Solutions imagined<\/h2>\t\t\t\t<\/div>\n\t\t\t\t<\/div>\n\t\t\t\t<div class=\"elementor-element elementor-element-9a88a62 elementor-widget elementor-widget-heading\" data-id=\"9a88a62\" data-element_type=\"widget\" data-e-type=\"widget\" data-widget_type=\"heading.default\">\n\t\t\t\t<div class=\"elementor-widget-container\">\n\t\t\t\t\t<h2 class=\"elementor-heading-title elementor-size-default\">and built by us<\/h2>\t\t\t\t<\/div>\n\t\t\t\t<\/div>\n\t\t\t\t<\/div>\n\t\t\t\t<div class=\"elementor-element elementor-element-8f6eb37 elementor-absolute elementor-widget elementor-widget-image\" data-id=\"8f6eb37\" data-element_type=\"widget\" data-e-type=\"widget\" data-settings=\"{&quot;_position&quot;:&quot;absolute&quot;}\" data-widget_type=\"image.default\">\n\t\t\t\t<div class=\"elementor-widget-container\">\n\t\t\t\t\t\t\t\t\t\t\t\t\t\t\t\t<a href=\"#casosdeuso\">\n\t\t\t\t\t\t\t<img decoding=\"async\" width=\"63\" height=\"63\" src=\"https:\/\/sanadalabs.com\/wp-content\/uploads\/2025\/06\/Seta.svg\" class=\"attachment-large size-large wp-image-404\" alt=\"\" \/>\t\t\t\t\t\t\t\t<\/a>\n\t\t\t\t\t\t\t\t\t\t\t\t\t\t\t<\/div>\n\t\t\t\t<\/div>\n\t\t\t\t<\/div>\n\t\t<div class=\"elementor-element elementor-element-4ba9ccd e-con-full e-flex e-con e-parent\" data-id=\"4ba9ccd\" data-element_type=\"container\" data-e-type=\"container\" data-settings=\"{&quot;background_background&quot;:&quot;classic&quot;}\">\n\t\t<div class=\"elementor-element elementor-element-94e8431 e-con-full e-flex e-con e-child\" data-id=\"94e8431\" data-element_type=\"container\" data-e-type=\"container\">\n\t\t\t\t<div class=\"elementor-element elementor-element-1332499 elementor-widget elementor-widget-menu-anchor\" data-id=\"1332499\" data-element_type=\"widget\" data-e-type=\"widget\" data-widget_type=\"menu-anchor.default\">\n\t\t\t\t<div class=\"elementor-widget-container\">\n\t\t\t\t\t\t\t<div class=\"elementor-menu-anchor\" id=\"casosdeuso\"><\/div>\n\t\t\t\t\t\t<\/div>\n\t\t\t\t<\/div>\n\t\t\t\t<div class=\"elementor-element elementor-element-daaf26b elementor-widget elementor-widget-heading\" data-id=\"daaf26b\" data-element_type=\"widget\" data-e-type=\"widget\" data-widget_type=\"heading.default\">\n\t\t\t\t<div class=\"elementor-widget-container\">\n\t\t\t\t\t<h2 class=\"elementor-heading-title elementor-size-default\">From concept to final product<\/h2>\t\t\t\t<\/div>\n\t\t\t\t<\/div>\n\t\t\t\t<div class=\"elementor-element elementor-element-0b9f5f8 elementor-widget elementor-widget-text-editor\" data-id=\"0b9f5f8\" data-element_type=\"widget\" data-e-type=\"widget\" data-widget_type=\"text-editor.default\">\n\t\t\t\t<div class=\"elementor-widget-container\">\n\t\t\t\t\t\t\t\t\t<p>Turning problems into intelligent solutions.<\/p>\t\t\t\t\t\t\t\t<\/div>\n\t\t\t\t<\/div>\n\t\t\t\t<\/div>\n\t\t\t\t<\/div>\n\t\t<div class=\"elementor-element elementor-element-8301bed e-con-full e-flex e-con e-parent\" data-id=\"8301bed\" data-element_type=\"container\" data-e-type=\"container\" data-settings=\"{&quot;background_background&quot;:&quot;classic&quot;}\">\n\t\t\t\t<div class=\"elementor-element elementor-element-61be641 elementor-widget elementor-widget-html\" data-id=\"61be641\" data-element_type=\"widget\" data-e-type=\"widget\" data-widget_type=\"html.default\">\n\t\t\t\t<div class=\"elementor-widget-container\">\n\t\t\t\t\t\n  <style>\n    .box {\n        height: 200px;\n        background-position: center center;\n        background-repeat: no-repeat;\n        background-size: cover;\n        transition: all 1s;\n        display: flex;\n        align-items: self-end;\n        cursor: pointer;\n        \n    }\n    \n    h2 {\n        font-family: \"Montserrat\", Sans-serif;\n        font-size: 48px;\n        font-weight: 700;\n        color: #FFFFFF;\n        margin: 0px;\n        font-style: italic;\n        letter-spacing: -0.8px;\n    }\n    \n    .box:hover {\n      height: 300px;\n    }\n    \n    .cdu-conteudo{\n        display: flex;\n        flex-direction: column;\n        padding-left: 40px;\n        padding-bottom: 20px;\n    }\n    \n    .box1{\n        background-image: url('https:\/\/sanada.com.br\/wp-content\/uploads\/2025\/08\/TherapIA-scaled.webp');\n    }\n    \n    .box2{\n        background-image: url('https:\/\/sanada.com.br\/wp-content\/uploads\/2025\/08\/DOCtor-scaled.webp');\n        background-position: center bottom;\n    }\n    \n    .box3{\n        background-image: url('https:\/\/sanada.com.br\/wp-content\/uploads\/2025\/08\/Emotiva.webp');\n    }\n    \n    .casosDeUso{\n        display: flex;\n        flex-direction: column;\n        gap: 10px;\n    }\n    \n    @media (max-width: 792px) {\n        h2 {\n            font-size: 24px;\n        }\n        \n        img{\n            width: 80px\n        }\n        \n        .cdu-conteudo {\n            padding-left: 20px;\n        }\n        \n        .box{\n            border-radius: 20px 20px 20px 20px;\n        }\n    }\n\n  <\/style>\n<\/head>\n<body>\n    <div class=\"casosDeUso\">\n        <a href=\"https:\/\/sanadalabs.com\/en\/solucoes\/careflow\/\">\n            <div class=\"box1 box\">\n            <div class=\"cdu-conteudo\">\n                <img loading=\"lazy\" decoding=\"async\" width=\"110px\" height=\"35\" src=\"https:\/\/sanada.com.br\/wp-content\/uploads\/2025\/06\/Subtract.svg\" class=\"attachment-large size-large wp-image-110\" alt=\"\">\n                <h2>Careflow<\/h2>\n            <\/div>\n        <\/div>\n        <\/a>\n        \n        \n        \n        <a href=\"https:\/\/sanadalabs.com\/en\/solucoes\/painel-de-emocoes\/\">\n            <div class=\"box3 box\">\n            <div class=\"cdu-conteudo\">\n                <img loading=\"lazy\" decoding=\"async\" width=\"110px\" height=\"35\" src=\"https:\/\/sanada.com.br\/wp-content\/uploads\/2025\/06\/Subtract-1.svg\" alt=\"\">\n                <h2>Emotiva<\/h2>\n            <\/div>\n        <\/div>\n        <\/a>\n    <\/div>\n  \n<\/body>\n\t\t\t\t<\/div>\n\t\t\t\t<\/div>\n\t\t\t\t<\/div>\n\t\t\t\t<\/div>","protected":false},"excerpt":{"rendered":"<p>Solu\u00e7\u00f5es idealizadas e constru\u00eddas por n\u00f3s Da ideia ao produto final Transformando problemas em solu\u00e7\u00f5es inteligentes Careflow Emotiva<\/p>","protected":false},"author":1,"featured_media":0,"parent":0,"menu_order":0,"comment_status":"closed","ping_status":"closed","template":"elementor_header_footer","meta":{"footnotes":""},"class_list":["post-1733","page","type-page","status-publish","hentry"],"_hostinger_reach_plugin_has_subscription_block":false,"_hostinger_reach_plugin_is_elementor":false,"_links":{"self":[{"href":"https:\/\/sanadalabs.com\/en\/wp-json\/wp\/v2\/pages\/1733","targetHints":{"allow":["GET"]}}],"collection":[{"href":"https:\/\/sanadalabs.com\/en\/wp-json\/wp\/v2\/pages"}],"about":[{"href":"https:\/\/sanadalabs.com\/en\/wp-json\/wp\/v2\/types\/page"}],"author":[{"embeddable":true,"href":"https:\/\/sanadalabs.com\/en\/wp-json\/wp\/v2\/users\/1"}],"replies":[{"embeddable":true,"href":"https:\/\/sanadalabs.com\/en\/wp-json\/wp\/v2\/comments?post=1733"}],"version-history":[{"count":9,"href":"https:\/\/sanadalabs.com\/en\/wp-json\/wp\/v2\/pages\/1733\/revisions"}],"predecessor-version":[{"id":2908,"href":"https:\/\/sanadalabs.com\/en\/wp-json\/wp\/v2\/pages\/1733\/revisions\/2908"}],"wp:attachment":[{"href":"https:\/\/sanadalabs.com\/en\/wp-json\/wp\/v2\/media?parent=1733"}],"curies":[{"name":"wp","href":"https:\/\/api.w.org\/{rel}","templated":true}]}}